{"id":5,"date":"2014-06-27T17:03:09","date_gmt":"2014-06-27T15:03:09","guid":{"rendered":"http:\/\/fwmt.pk.edu.pl\/?page_id=5"},"modified":"2025-05-27T07:24:13","modified_gmt":"2025-05-27T05:24:13","slug":"start","status":"publish","type":"page","link":"https:\/\/fwmt.pk.edu.pl\/","title":{"rendered":"Witaj na stronie FWMT"},"content":{"rendered":"\n\n\n\n<p style=\"text-align: left;\"><strong>W kwietniu 2013 roku<\/strong> powsta\u0142a Fundacja Wspierania M\u0142odych Talent\u00f3w Profesora Janusza Magiery przy Politechnice Krakowskiej im. Tadeusza Ko\u015bciuszki, skr\u00f3cona nazwa: Fundacja Wspierania M\u0142odych Talent\u00f3w. Fundacja przyj\u0119\u0142a jako sw\u00f3j g\u0142\u00f3wny cel wspieranie tych m\u0142odych ludzi, kt\u00f3rzy na etapie studi\u00f3w, a nawet ju\u017c w szkole \u015bredniej rokuj\u0105 nadziej\u0119 na ponadprzeci\u0119tny rozw\u00f3j swojego talentu w przysz\u0142o\u015bci. W nadchodz\u0105cych latach Polska, jako kraj, postrzegana b\u0119dzie tak, jak b\u0119d\u0105 to kszta\u0142towa\u0107 nasi Rodacy pracuj\u0105cy nie tylko w swoim kraju, ale na ca\u0142ym otwartym dla nas obszarze Unii Europejskiej.<\/p>\n<p style=\"text-align: center;\"><em><strong> \u00ad\u00a0\u00a0<\/strong><\/em><\/p>\n<hr \/>\n<h2 style=\"text-align: center;\">Przeka\u017c 1,5% podatku dochodowego Fundacji Wspierania M\u0142odych Talent\u00f3w<\/h2>\n<p>\u00adFundacja Wspierania M\u0142odych Talent\u00f3w w roku 2015, wpisem do Krajowego Rejestru S\u0105dowego &#8211;\u00a0<strong>KRS nr 0000453987<\/strong>, uzyska\u0142a status Organizacji Po\u017cytku Publicznego. Przy rozliczeniu podatkowym za rok 2025 istnieje dla ka\u017cdego mo\u017cliwo\u015b\u0107 przekazania 1,5% z p\u0142aconego podatku na rzecz tej Fundacji. Bardzo prosimy o rozwa\u017cenie takiej darowizny, kt\u00f3ra darczy\u0144c\u0119 nic nie kosztuje.<\/p>\n<p style=\"text-align: center;\">Wystarczy jedynie wpisa\u0107 numer KRS Fundacji do swojego rozliczenia: PIT36, poz. nr 308; PIT 37 poz. nr 131.<\/p>\n<p>\u00ad<\/p>\n<p style=\"text-align: center;\"><a href=\"http:\/\/fwmt.pk.edu.pl\/wp-content\/uploads\/2014\/06\/Front-ulotka-PK.jpg\" data-rel=\"lightbox-image-0\" data-rl_title=\"\" data-rl_caption=\"\" title=\"\"><img loading=\"lazy\" decoding=\"async\" class=\"alignnone size-medium wp-image-216\" src=\"http:\/\/fwmt.pk.edu.pl\/wp-content\/uploads\/2014\/06\/Front-ulotka-PK-150x300.jpg\" alt=\"Front ulotka FWMT\" width=\"150\" height=\"300\" srcset=\"https:\/\/fwmt.pk.edu.pl\/wp-content\/uploads\/2014\/06\/Front-ulotka-PK-150x300.jpg 150w, https:\/\/fwmt.pk.edu.pl\/wp-content\/uploads\/2014\/06\/Front-ulotka-PK.jpg 391w\" sizes=\"auto, (max-width: 150px) 100vw, 150px\" \/><\/a>\u00a0 \u00a0 \u00a0 \u00a0\u00a0<a href=\"http:\/\/fwmt.pk.edu.pl\/wp-content\/uploads\/2014\/06\/Ty\u0142-ulotka-PK.jpg\" data-rel=\"lightbox-image-1\" data-rl_title=\"\" data-rl_caption=\"\" title=\"\"><img loading=\"lazy\" decoding=\"async\" class=\"alignnone size-medium wp-image-217\" src=\"http:\/\/fwmt.pk.edu.pl\/wp-content\/uploads\/2014\/06\/Ty\u0142-ulotka-PK-150x300.jpg\" alt=\"Ty\u0142 ulotka FWMT\" width=\"150\" height=\"300\" srcset=\"https:\/\/fwmt.pk.edu.pl\/wp-content\/uploads\/2014\/06\/Ty\u0142-ulotka-PK-150x300.jpg 150w, https:\/\/fwmt.pk.edu.pl\/wp-content\/uploads\/2014\/06\/Ty\u0142-ulotka-PK.jpg 391w\" sizes=\"auto, (max-width: 150px) 100vw, 150px\" \/><\/a><\/p>","protected":false},"excerpt":{"rendered":"<p>W kwietniu 2013 roku powsta\u0142a Fundacja Wspierania M\u0142odych Talent\u00f3w Profesora Janusza Magiery przy Politechnice Krakowskiej im. Tadeusza Ko\u015bciuszki, skr\u00f3cona nazwa: Fundacja Wspierania M\u0142odych Talent\u00f3w. Fundacja przyj\u0119\u0142a jako sw\u00f3j g\u0142\u00f3wny cel wspieranie tych m\u0142odych ludzi, kt\u00f3rzy na etapie studi\u00f3w, a nawet ju\u017c w szkole \u015bredniej rokuj\u0105 nadziej\u0119 na ponadprzeci\u0119tny rozw\u00f3j swojego talentu w przysz\u0142o\u015bci. W nadchodz\u0105cych &hellip; <a href=\"https:\/\/fwmt.pk.edu.pl\/\" class=\"more-link\">Czytaj dalej <span class=\"screen-reader-text\">Witaj na stronie FWMT<\/span> <span class=\"meta-nav\">&rarr;<\/span><\/a><\/p>\n","protected":false},"author":1,"featured_media":0,"parent":0,"menu_order":1,"comment_status":"closed","ping_status":"open","template":"","meta":{"footnotes":""},"class_list":["post-5","page","type-page","status-publish","hentry"],"_links":{"self":[{"href":"https:\/\/fwmt.pk.edu.pl\/index.php?rest_route=\/wp\/v2\/pages\/5","targetHints":{"allow":["GET"]}}],"collection":[{"href":"https:\/\/fwmt.pk.edu.pl\/index.php?rest_route=\/wp\/v2\/pages"}],"about":[{"href":"https:\/\/fwmt.pk.edu.pl\/index.php?rest_route=\/wp\/v2\/types\/page"}],"author":[{"embeddable":true,"href":"https:\/\/fwmt.pk.edu.pl\/index.php?rest_route=\/wp\/v2\/users\/1"}],"replies":[{"embeddable":true,"href":"https:\/\/fwmt.pk.edu.pl\/index.php?rest_route=%2Fwp%2Fv2%2Fcomments&post=5"}],"version-history":[{"count":61,"href":"https:\/\/fwmt.pk.edu.pl\/index.php?rest_route=\/wp\/v2\/pages\/5\/revisions"}],"predecessor-version":[{"id":1205,"href":"https:\/\/fwmt.pk.edu.pl\/index.php?rest_route=\/wp\/v2\/pages\/5\/revisions\/1205"}],"wp:attachment":[{"href":"https:\/\/fwmt.pk.edu.pl\/index.php?rest_route=%2Fwp%2Fv2%2Fmedia&parent=5"}],"curies":[{"name":"wp","href":"https:\/\/api.w.org\/{rel}","templated":true}]}}