{"id":1058,"date":"2024-03-05T08:32:28","date_gmt":"2024-03-05T07:32:28","guid":{"rendered":"http:\/\/fwmt.pk.edu.pl\/?page_id=1058"},"modified":"2024-03-08T06:57:39","modified_gmt":"2024-03-08T05:57:39","slug":"kontakt","status":"publish","type":"page","link":"https:\/\/fwmt.pk.edu.pl\/?page_id=1058","title":{"rendered":"Kontakt"},"content":{"rendered":"\n<p><strong>Fundacja Wspierania M\u0142odych Talent\u00f3w Profesora Janusza Magiery przy Politechnice Krakowskiej<\/strong><\/p>\n\n\n\n<p>Wydzia\u0142 In\u017cynierii i Technologii Chemicznej PK<br>ul. Warszawska 24, 31-155 Krak\u00f3w<br><strong>Pok\u00f3j:<\/strong> 109<br><strong>e-mail:<\/strong> fwmt@pk.edu.pl<\/p>\n\n\n\n<p><strong>Prezes Zarz\u0105du Fundacji:<\/strong><br><strong>e-mail:<\/strong> jmagiera@pk.edu.pl<\/p>\n\n\n\n<p><strong>Cz\u0142onkowie Zarz\u0105du Fundacji:<\/strong><br><strong>e-mail:<\/strong> andlaszuk@wp.pl<br><strong>e-mail:<\/strong> mariusz.twardowski@pk.edu.pl<br><strong>e-mail:<\/strong> malgorzata.fedorczak-cisak@pk.edu.pl<br><strong>e-mail:<\/strong> sebastian.pater@pk.edu.pl<\/p>\n\n\n\n<p><strong>NIP:<\/strong> 6762463670<\/p>\n\n\n\n<p><strong>REGON:<\/strong> 122821053<\/p>\n\n\n\n<p><strong>Numer KRS:<\/strong> 0000453987<\/p>\n\n\n\n<p><strong>Dane do przelewu:<\/strong><\/p>\n\n\n\n<p><strong>Numer rachunku bankowego:<\/strong> 89102029060000140203073194<br><strong>Nazwa odbiorcy: <\/strong>FUNDACJA WSPIERANIA M\u0141ODYCH TALENT\u00d3W PROF. J.MAGIERY PRZY PK<br><strong>Nazwa banku:<\/strong> Powszechna Kasa Oszcz\u0119dno\u015bci Bank Polski SA<br><strong>Kod BIC (Swift) banku: <\/strong>BPKOPLPW<br><\/p>\n\n\n\n<p><strong>Details for the foreign transfer<br>Beneficiary account:<\/strong> PL 89102029060000140203073194<br><strong>Beneficiary name:<\/strong> FUNDACJA WSPIERANIA M\u0141ODYCH TALENT\u00d3W PROF. J.MAGIERY PRZY PK<br><strong>Beneficiary bank name:<\/strong> Powszechna Kasa Oszcz\u0119dno\u015bci Bank Polski SA<br><strong>Beneficiary bank code:<\/strong> BPKOPLPW<\/p>\n","protected":false},"excerpt":{"rendered":"<p>Fundacja Wspierania M\u0142odych Talent\u00f3w Profesora Janusza Magiery przy Politechnice Krakowskiej Wydzia\u0142 In\u017cynierii i Technologii Chemicznej PKul. Warszawska 24, 31-155 Krak\u00f3wPok\u00f3j: 109e-mail: fwmt@pk.edu.pl Prezes Zarz\u0105du Fundacji:e-mail: jmagiera@pk.edu.pl Cz\u0142onkowie Zarz\u0105du Fundacji:e-mail: andlaszuk@wp.ple-mail: mariusz.twardowski@pk.edu.ple-mail: malgorzata.fedorczak-cisak@pk.edu.ple-mail: sebastian.pater@pk.edu.pl NIP: 6762463670 REGON: 122821053 Numer KRS: 0000453987 Dane do przelewu: Numer rachunku bankowego: 89102029060000140203073194Nazwa odbiorcy: FUNDACJA WSPIERANIA M\u0141ODYCH TALENT\u00d3W PROF. J.MAGIERY PRZY &hellip; <a href=\"https:\/\/fwmt.pk.edu.pl\/?page_id=1058\" class=\"more-link\">Czytaj dalej <span class=\"screen-reader-text\">Kontakt<\/span> <span class=\"meta-nav\">&rarr;<\/span><\/a><\/p>\n","protected":false},"author":1,"featured_media":0,"parent":0,"menu_order":0,"comment_status":"closed","ping_status":"closed","template":"","meta":{"footnotes":""},"class_list":["post-1058","page","type-page","status-publish","hentry"],"_links":{"self":[{"href":"https:\/\/fwmt.pk.edu.pl\/index.php?rest_route=\/wp\/v2\/pages\/1058","targetHints":{"allow":["GET"]}}],"collection":[{"href":"https:\/\/fwmt.pk.edu.pl\/index.php?rest_route=\/wp\/v2\/pages"}],"about":[{"href":"https:\/\/fwmt.pk.edu.pl\/index.php?rest_route=\/wp\/v2\/types\/page"}],"author":[{"embeddable":true,"href":"https:\/\/fwmt.pk.edu.pl\/index.php?rest_route=\/wp\/v2\/users\/1"}],"replies":[{"embeddable":true,"href":"https:\/\/fwmt.pk.edu.pl\/index.php?rest_route=%2Fwp%2Fv2%2Fcomments&post=1058"}],"version-history":[{"count":6,"href":"https:\/\/fwmt.pk.edu.pl\/index.php?rest_route=\/wp\/v2\/pages\/1058\/revisions"}],"predecessor-version":[{"id":1122,"href":"https:\/\/fwmt.pk.edu.pl\/index.php?rest_route=\/wp\/v2\/pages\/1058\/revisions\/1122"}],"wp:attachment":[{"href":"https:\/\/fwmt.pk.edu.pl\/index.php?rest_route=%2Fwp%2Fv2%2Fmedia&parent=1058"}],"curies":[{"name":"wp","href":"https:\/\/api.w.org\/{rel}","templated":true}]}}